{"id":75,"date":"2023-10-17T16:51:39","date_gmt":"2023-10-17T14:51:39","guid":{"rendered":"https:\/\/info-aides.fr\/?page_id=75"},"modified":"2023-12-21T15:26:38","modified_gmt":"2023-12-21T14:26:38","slug":"famille","status":"publish","type":"page","link":"https:\/\/info-aides.fr\/index.php\/famille\/","title":{"rendered":"Famille"},"content":{"rendered":"\t\t<div data-elementor-type=\"wp-page\" data-elementor-id=\"75\" class=\"elementor elementor-75\">\n\t\t\t\t\t\t\t\t\t<section class=\"elementor-section elementor-top-section elementor-element elementor-element-64a1ba0 elementor-section-boxed elementor-section-height-default elementor-section-height-default\" data-id=\"64a1ba0\" data-element_type=\"section\">\n\t\t\t\t\t\t<div class=\"elementor-container elementor-column-gap-default\">\n\t\t\t\t\t<div class=\"elementor-column elementor-col-100 elementor-top-column elementor-element elementor-element-3c78658\" data-id=\"3c78658\" data-element_type=\"column\">\n\t\t\t<div class=\"elementor-widget-wrap elementor-element-populated\">\n\t\t\t\t\t\t\t\t<div class=\"elementor-element elementor-element-ffca3b4 elementor-widget elementor-widget-heading\" data-id=\"ffca3b4\" data-element_type=\"widget\" data-widget_type=\"heading.default\">\n\t\t\t\t<div class=\"elementor-widget-container\">\n\t\t\t<style>\/*! elementor - v3.16.0 - 09-10-2023 *\/\n.elementor-heading-title{padding:0;margin:0;line-height:1}.elementor-widget-heading .elementor-heading-title[class*=elementor-size-]>a{color:inherit;font-size:inherit;line-height:inherit}.elementor-widget-heading .elementor-heading-title.elementor-size-small{font-size:15px}.elementor-widget-heading .elementor-heading-title.elementor-size-medium{font-size:19px}.elementor-widget-heading .elementor-heading-title.elementor-size-large{font-size:29px}.elementor-widget-heading .elementor-heading-title.elementor-size-xl{font-size:39px}.elementor-widget-heading .elementor-heading-title.elementor-size-xxl{font-size:59px}<\/style><h2 class=\"elementor-heading-title elementor-size-default\">Les aides familiales g\u00e9n\u00e9rales<\/h2>\t\t<\/div>\n\t\t\t\t<\/div>\n\t\t\t\t<div class=\"elementor-element elementor-element-68af735 elementor-widget-divider--view-line elementor-widget elementor-widget-divider\" data-id=\"68af735\" data-element_type=\"widget\" data-widget_type=\"divider.default\">\n\t\t\t\t<div class=\"elementor-widget-container\">\n\t\t\t<style>\/*! elementor - v3.16.0 - 09-10-2023 *\/\n.elementor-widget-divider{--divider-border-style:none;--divider-border-width:1px;--divider-color:#0c0d0e;--divider-icon-size:20px;--divider-element-spacing:10px;--divider-pattern-height:24px;--divider-pattern-size:20px;--divider-pattern-url:none;--divider-pattern-repeat:repeat-x}.elementor-widget-divider .elementor-divider{display:flex}.elementor-widget-divider .elementor-divider__text{font-size:15px;line-height:1;max-width:95%}.elementor-widget-divider .elementor-divider__element{margin:0 var(--divider-element-spacing);flex-shrink:0}.elementor-widget-divider .elementor-icon{font-size:var(--divider-icon-size)}.elementor-widget-divider .elementor-divider-separator{display:flex;margin:0;direction:ltr}.elementor-widget-divider--view-line_icon .elementor-divider-separator,.elementor-widget-divider--view-line_text .elementor-divider-separator{align-items:center}.elementor-widget-divider--view-line_icon .elementor-divider-separator:after,.elementor-widget-divider--view-line_icon .elementor-divider-separator:before,.elementor-widget-divider--view-line_text .elementor-divider-separator:after,.elementor-widget-divider--view-line_text .elementor-divider-separator:before{display:block;content:\"\";border-bottom:0;flex-grow:1;border-top:var(--divider-border-width) var(--divider-border-style) var(--divider-color)}.elementor-widget-divider--element-align-left .elementor-divider .elementor-divider-separator>.elementor-divider__svg:first-of-type{flex-grow:0;flex-shrink:100}.elementor-widget-divider--element-align-left .elementor-divider-separator:before{content:none}.elementor-widget-divider--element-align-left .elementor-divider__element{margin-left:0}.elementor-widget-divider--element-align-right .elementor-divider .elementor-divider-separator>.elementor-divider__svg:last-of-type{flex-grow:0;flex-shrink:100}.elementor-widget-divider--element-align-right .elementor-divider-separator:after{content:none}.elementor-widget-divider--element-align-right .elementor-divider__element{margin-right:0}.elementor-widget-divider:not(.elementor-widget-divider--view-line_text):not(.elementor-widget-divider--view-line_icon) .elementor-divider-separator{border-top:var(--divider-border-width) var(--divider-border-style) var(--divider-color)}.elementor-widget-divider--separator-type-pattern{--divider-border-style:none}.elementor-widget-divider--separator-type-pattern.elementor-widget-divider--view-line .elementor-divider-separator,.elementor-widget-divider--separator-type-pattern:not(.elementor-widget-divider--view-line) .elementor-divider-separator:after,.elementor-widget-divider--separator-type-pattern:not(.elementor-widget-divider--view-line) .elementor-divider-separator:before,.elementor-widget-divider--separator-type-pattern:not([class*=elementor-widget-divider--view]) .elementor-divider-separator{width:100%;min-height:var(--divider-pattern-height);-webkit-mask-size:var(--divider-pattern-size) 100%;mask-size:var(--divider-pattern-size) 100%;-webkit-mask-repeat:var(--divider-pattern-repeat);mask-repeat:var(--divider-pattern-repeat);background-color:var(--divider-color);-webkit-mask-image:var(--divider-pattern-url);mask-image:var(--divider-pattern-url)}.elementor-widget-divider--no-spacing{--divider-pattern-size:auto}.elementor-widget-divider--bg-round{--divider-pattern-repeat:round}.rtl .elementor-widget-divider .elementor-divider__text{direction:rtl}.e-con-inner>.elementor-widget-divider,.e-con>.elementor-widget-divider{width:var(--container-widget-width,100%);--flex-grow:var(--container-widget-flex-grow)}<\/style>\t\t<div class=\"elementor-divider\">\n\t\t\t<span class=\"elementor-divider-separator\">\n\t\t\t\t\t\t<\/span>\n\t\t<\/div>\n\t\t\t\t<\/div>\n\t\t\t\t<\/div>\n\t\t\t\t<div class=\"elementor-element elementor-element-069ec52 elementor-widget elementor-widget-text-editor\" data-id=\"069ec52\" data-element_type=\"widget\" data-widget_type=\"text-editor.default\">\n\t\t\t\t<div class=\"elementor-widget-container\">\n\t\t\t<style>\/*! elementor - v3.16.0 - 09-10-2023 *\/\n.elementor-widget-text-editor.elementor-drop-cap-view-stacked .elementor-drop-cap{background-color:#69727d;color:#fff}.elementor-widget-text-editor.elementor-drop-cap-view-framed .elementor-drop-cap{color:#69727d;border:3px solid;background-color:transparent}.elementor-widget-text-editor:not(.elementor-drop-cap-view-default) .elementor-drop-cap{margin-top:8px}.elementor-widget-text-editor:not(.elementor-drop-cap-view-default) .elementor-drop-cap-letter{width:1em;height:1em}.elementor-widget-text-editor .elementor-drop-cap{float:left;text-align:center;line-height:1;font-size:50px}.elementor-widget-text-editor .elementor-drop-cap-letter{display:inline-block}<\/style>\t\t\t\t<p>D\u00e9couvrez les prestations familiales gouvernementales con\u00e7ues pour all\u00e9ger le fardeau financier des familles. Des allocations pour enfants aux cr\u00e9dits d&#8217;imp\u00f4t d\u00e9di\u00e9s aux familles, ces programmes visent \u00e0 renforcer la stabilit\u00e9 financi\u00e8re des foyers, favorisant ainsi un environnement propice \u00e0 l&#8217;\u00e9panouissement familial.<\/p><p>D\u00e9couvrez \u00e9galement nos programmes de soutien \u00e0 la parentalit\u00e9 qui vont au-del\u00e0 du soutien financier. Des ateliers \u00e9ducatifs aux groupes de soutien, ces ressources visent \u00e0 renforcer les comp\u00e9tences parentales, \u00e0 favoriser le bien-\u00eatre familial et \u00e0 offrir un r\u00e9seau de soutien essentiel pour relever les d\u00e9fis de la parentalit\u00e9.<\/p><p>Que vous cherchiez des avantages financiers concrets ou des ressources \u00e9ducatives pour enrichir votre exp\u00e9rience parentale, explorez ces cat\u00e9gories pour acc\u00e9der \u00e0 un \u00e9ventail complet d&#8217;aides familiales adapt\u00e9es \u00e0 vos besoins. Parcourez les aides ci-dessous pour commencer votre parcours vers un soutien familial solide et bien inform\u00e9.<\/p>\t\t\t\t\t\t<\/div>\n\t\t\t\t<\/div>\n\t\t\t\t<div class=\"elementor-element elementor-element-d765fa0 elementor-widget elementor-widget-image\" data-id=\"d765fa0\" data-element_type=\"widget\" data-widget_type=\"image.default\">\n\t\t\t\t<div class=\"elementor-widget-container\">\n\t\t\t<style>\/*! elementor - v3.16.0 - 09-10-2023 *\/\n.elementor-widget-image{text-align:center}.elementor-widget-image a{display:inline-block}.elementor-widget-image a img[src$=\".svg\"]{width:48px}.elementor-widget-image img{vertical-align:middle;display:inline-block}<\/style>\t\t\t\t\t\t\t\t\t\t\t\t<img loading=\"lazy\" decoding=\"async\" width=\"300\" height=\"300\" src=\"https:\/\/info-aides.fr\/wp-content\/uploads\/2023\/11\/Design-sans-titre-30-300x300.png\" class=\"attachment-medium size-medium wp-image-544\" alt=\"\" srcset=\"https:\/\/info-aides.fr\/wp-content\/uploads\/2023\/11\/elementor\/thumbs\/Design-sans-titre-30-qfqoc8gq1n2l0dhck7t3fcihvvn6ki2vlb3tzd24zc.png 300w, https:\/\/info-aides.fr\/wp-content\/uploads\/2023\/11\/Design-sans-titre-30-1024x1024.png 1024w, https:\/\/info-aides.fr\/wp-content\/uploads\/2023\/11\/Design-sans-titre-30-150x150.png 150w, https:\/\/info-aides.fr\/wp-content\/uploads\/2023\/11\/Design-sans-titre-30-768x768.png 768w, https:\/\/info-aides.fr\/wp-content\/uploads\/2023\/11\/Design-sans-titre-30-1536x1536.png 1536w, https:\/\/info-aides.fr\/wp-content\/uploads\/2023\/11\/Design-sans-titre-30-2000x2000.png 2000w, https:\/\/info-aides.fr\/wp-content\/uploads\/2023\/11\/Design-sans-titre-30.png 2048w\" sizes=\"auto, 100vw\" \/>\t\t\t\t\t\t\t\t\t\t\t\t\t\t\t<\/div>\n\t\t\t\t<\/div>\n\t\t\t\t\t<\/div>\n\t\t<\/div>\n\t\t\t\t\t\t\t<\/div>\n\t\t<\/section>\n\t\t\t\t<section class=\"elementor-section elementor-top-section elementor-element elementor-element-b3312ca elementor-section-boxed elementor-section-height-default elementor-section-height-default\" data-id=\"b3312ca\" data-element_type=\"section\">\n\t\t\t\t\t\t<div class=\"elementor-container elementor-column-gap-default\">\n\t\t\t\t\t<div class=\"elementor-column elementor-col-100 elementor-top-column elementor-element elementor-element-6c75fbc\" data-id=\"6c75fbc\" data-element_type=\"column\">\n\t\t\t<div class=\"elementor-widget-wrap elementor-element-populated\">\n\t\t\t\t\t\t\t\t<div class=\"elementor-element elementor-element-f6a74e5 elementor-widget elementor-widget-heading\" data-id=\"f6a74e5\" data-element_type=\"widget\" data-widget_type=\"heading.default\">\n\t\t\t\t<div class=\"elementor-widget-container\">\n\t\t\t<h2 class=\"elementor-heading-title elementor-size-default\">Les aides familiales sp\u00e9cifiques<\/h2>\t\t<\/div>\n\t\t\t\t<\/div>\n\t\t\t\t<div class=\"elementor-element elementor-element-02486f3 elementor-widget-divider--view-line elementor-widget elementor-widget-divider\" data-id=\"02486f3\" data-element_type=\"widget\" data-widget_type=\"divider.default\">\n\t\t\t\t<div class=\"elementor-widget-container\">\n\t\t\t\t\t<div class=\"elementor-divider\">\n\t\t\t<span class=\"elementor-divider-separator\">\n\t\t\t\t\t\t<\/span>\n\t\t<\/div>\n\t\t\t\t<\/div>\n\t\t\t\t<\/div>\n\t\t\t\t<div class=\"elementor-element elementor-element-8b62b2f elementor-widget elementor-widget-text-editor\" data-id=\"8b62b2f\" data-element_type=\"widget\" data-widget_type=\"text-editor.default\">\n\t\t\t\t<div class=\"elementor-widget-container\">\n\t\t\t\t\t\t\t<p>D\u00e9couvrez dans nos ressources d\u00e9di\u00e9es aux aides \u00e0 la garde d&#8217;enfants, un aspect crucial de la vie familiale. Que vous recherchiez des informations sur les subventions pour les services de garde professionnels ou des conseils pratiques pour trouver des solutions de garde abordables, notre site web vous guide vers les options qui correspondent \u00e0 vos besoins.<\/p><p>Explorez les programmes sp\u00e9cifiquement con\u00e7us pour soutenir les familles \u00e0 faible revenu. Des services alimentaires aux solutions de logement abordable, acc\u00e9dez \u00e0 des informations d\u00e9taill\u00e9es sur les ressources visant \u00e0 assurer la stabilit\u00e9 financi\u00e8re des familles confront\u00e9es \u00e0 des d\u00e9fis \u00e9conomiques.<\/p><p>Que vous cherchiez un soutien financier cibl\u00e9 ou des solutions pratiques pour am\u00e9liorer votre quotidien, explorez ces cat\u00e9gories pour acc\u00e9der \u00e0 des aides sp\u00e9cifiques r\u00e9pondant aux besoins particuliers de votre famille. Parcourez les aides ci-dessous pour commencer votre parcours vers un soutien personnalis\u00e9 et adapt\u00e9.<\/p>\t\t\t\t\t\t<\/div>\n\t\t\t\t<\/div>\n\t\t\t\t\t<\/div>\n\t\t<\/div>\n\t\t\t\t\t\t\t<\/div>\n\t\t<\/section>\n\t\t\t\t<section class=\"elementor-section elementor-top-section elementor-element elementor-element-22c4ece elementor-section-boxed elementor-section-height-default elementor-section-height-default\" data-id=\"22c4ece\" data-element_type=\"section\">\n\t\t\t\t\t\t<div class=\"elementor-container elementor-column-gap-default\">\n\t\t\t\t\t<div class=\"elementor-column elementor-col-100 elementor-top-column elementor-element elementor-element-ea1e8e3\" data-id=\"ea1e8e3\" data-element_type=\"column\">\n\t\t\t<div class=\"elementor-widget-wrap elementor-element-populated\">\n\t\t\t\t\t\t\t\t<div class=\"elementor-element elementor-element-c52f741 elementor-widget elementor-widget-heading\" data-id=\"c52f741\" data-element_type=\"widget\" data-widget_type=\"heading.default\">\n\t\t\t\t<div class=\"elementor-widget-container\">\n\t\t\t<h2 class=\"elementor-heading-title elementor-size-default\">Liste des aides familiales<\/h2>\t\t<\/div>\n\t\t\t\t<\/div>\n\t\t\t\t<div class=\"elementor-element elementor-element-281f8a0 elementor-widget-divider--view-line elementor-widget elementor-widget-divider\" data-id=\"281f8a0\" data-element_type=\"widget\" data-widget_type=\"divider.default\">\n\t\t\t\t<div class=\"elementor-widget-container\">\n\t\t\t\t\t<div class=\"elementor-divider\">\n\t\t\t<span class=\"elementor-divider-separator\">\n\t\t\t\t\t\t<\/span>\n\t\t<\/div>\n\t\t\t\t<\/div>\n\t\t\t\t<\/div>\n\t\t\t\t<div class=\"elementor-element elementor-element-7dcb8d2 elementor-widget elementor-widget-text-editor\" data-id=\"7dcb8d2\" data-element_type=\"widget\" data-widget_type=\"text-editor.default\">\n\t\t\t\t<div class=\"elementor-widget-container\">\n\t\t\t\t\t\t\t<p><a href=\"https:\/\/info-aides.fr\/index.php\/allocations-familiales\/\">\u2192 Allocation Familiale<\/a><br \/><a href=\"https:\/\/info-aides.fr\/index.php\/allocation-soutien-familial\/\">\u2192 Allocation de soutien familial<\/a><br \/><a href=\"https:\/\/info-aides.fr\/index.php\/les-allocations-familiales\/\">\u2192 Aide vacances familiales<\/a><br \/><a href=\"https:\/\/info-aides.fr\/index.php\/allocation-rentree-scolaire\/\">\u2192 Allocation de rentr\u00e9e scolaire<\/a><br \/><a href=\"https:\/\/info-aides.fr\/index.php\/bourse-de-college-et-lycee\/\">\u2192 Bourse de coll\u00e8ge et Lyc\u00e9e<\/a><br \/><a href=\"https:\/\/info-aides.fr\/index.php\/les-aides-juridictionnelles\/\">\u2192 Aides Juridictionnelles<\/a><br \/><a href=\"https:\/\/info-aides.fr\/index.php\/allocation-veuvage\/\">\u2192 Allocation veuvage<\/a><br \/><a href=\"https:\/\/info-aides.fr\/index.php\/aides-pour-la-cantine-scolaire\/\">\u2192 Aide cantine scolaire<\/a><br \/><a href=\"https:\/\/info-aides.fr\/index.php\/allocation-de-parent-isole\/\">\u2192 Allocation Parent isol\u00e9<\/a><br \/><a href=\"https:\/\/info-aides.fr\/index.php\/aide-a-la-garde-denfants\/\">\u2192 Aide \u00e0 la garde d&#8217;enfant<\/a><\/p>\t\t\t\t\t\t<\/div>\n\t\t\t\t<\/div>\n\t\t\t\t\t<\/div>\n\t\t<\/div>\n\t\t\t\t\t\t\t<\/div>\n\t\t<\/section>\n\t\t\t\t\t\t\t<\/div>\n\t\t","protected":false},"excerpt":{"rendered":"<p>Les aides familiales g\u00e9n\u00e9rales D\u00e9couvrez les prestations familiales gouvernementales con\u00e7ues pour all\u00e9ger le fardeau financier des familles. Des allocations pour enfants aux cr\u00e9dits d&#8217;imp\u00f4t d\u00e9di\u00e9s aux familles, ces programmes visent \u00e0 renforcer la stabilit\u00e9 financi\u00e8re des foyers, favorisant ainsi un environnement propice \u00e0 l&#8217;\u00e9panouissement familial. D\u00e9couvrez \u00e9galement nos programmes de soutien \u00e0 la parentalit\u00e9 qui &hellip; <\/p>\n<p class=\"link-more\"><a href=\"https:\/\/info-aides.fr\/index.php\/famille\/\" class=\"more-link\">Read more<span class=\"screen-reader-text\"> &#8220;Famille&#8221;<\/span><\/a><\/p>\n","protected":false},"author":2,"featured_media":0,"parent":0,"menu_order":0,"comment_status":"closed","ping_status":"closed","template":"","meta":{"footnotes":""},"class_list":["post-75","page","type-page","status-publish","hentry"],"yoast_head":"<!-- This site is optimized with the Yoast SEO plugin v21.3 - https:\/\/yoast.com\/wordpress\/plugins\/seo\/ -->\n<title>Famille - Info-Aides.fr<\/title>\n<meta name=\"robots\" content=\"index, follow, max-snippet:-1, max-image-preview:large, max-video-preview:-1\" \/>\n<link rel=\"canonical\" href=\"https:\/\/info-aides.fr\/index.php\/famille\/\" \/>\n<meta property=\"og:locale\" content=\"en_US\" \/>\n<meta property=\"og:type\" content=\"article\" \/>\n<meta property=\"og:title\" content=\"Famille - Info-Aides.fr\" \/>\n<meta property=\"og:description\" content=\"Les aides familiales g\u00e9n\u00e9rales D\u00e9couvrez les prestations familiales gouvernementales con\u00e7ues pour all\u00e9ger le fardeau financier des familles. Des allocations pour enfants aux cr\u00e9dits d&#8217;imp\u00f4t d\u00e9di\u00e9s aux familles, ces programmes visent \u00e0 renforcer la stabilit\u00e9 financi\u00e8re des foyers, favorisant ainsi un environnement propice \u00e0 l&#8217;\u00e9panouissement familial. D\u00e9couvrez \u00e9galement nos programmes de soutien \u00e0 la parentalit\u00e9 qui &hellip; Read more &quot;Famille&quot;\" \/>\n<meta property=\"og:url\" content=\"https:\/\/info-aides.fr\/index.php\/famille\/\" \/>\n<meta property=\"og:site_name\" content=\"Info-Aides.fr\" \/>\n<meta property=\"article:modified_time\" content=\"2023-12-21T14:26:38+00:00\" \/>\n<meta property=\"og:image\" content=\"http:\/\/info-aides.fr\/wp-content\/uploads\/2023\/11\/Design-sans-titre-30-300x300.png\" \/>\n<meta name=\"twitter:card\" content=\"summary_large_image\" \/>\n<meta name=\"twitter:label1\" content=\"Est. reading time\" \/>\n\t<meta name=\"twitter:data1\" content=\"2 minutes\" \/>\n<script type=\"application\/ld+json\" class=\"yoast-schema-graph\">{\"@context\":\"https:\/\/schema.org\",\"@graph\":[{\"@type\":\"WebPage\",\"@id\":\"https:\/\/info-aides.fr\/index.php\/famille\/\",\"url\":\"https:\/\/info-aides.fr\/index.php\/famille\/\",\"name\":\"Famille - Info-Aides.fr\",\"isPartOf\":{\"@id\":\"https:\/\/info-aides.fr\/#website\"},\"datePublished\":\"2023-10-17T14:51:39+00:00\",\"dateModified\":\"2023-12-21T14:26:38+00:00\",\"breadcrumb\":{\"@id\":\"https:\/\/info-aides.fr\/index.php\/famille\/#breadcrumb\"},\"inLanguage\":\"en-US\",\"potentialAction\":[{\"@type\":\"ReadAction\",\"target\":[\"https:\/\/info-aides.fr\/index.php\/famille\/\"]}]},{\"@type\":\"BreadcrumbList\",\"@id\":\"https:\/\/info-aides.fr\/index.php\/famille\/#breadcrumb\",\"itemListElement\":[{\"@type\":\"ListItem\",\"position\":1,\"name\":\"Accueil\",\"item\":\"https:\/\/info-aides.fr\/\"},{\"@type\":\"ListItem\",\"position\":2,\"name\":\"Famille\"}]},{\"@type\":\"WebSite\",\"@id\":\"https:\/\/info-aides.fr\/#website\",\"url\":\"https:\/\/info-aides.fr\/\",\"name\":\"Info-Aides.fr\",\"description\":\"Toutes les aides et subventions \u00e0 votre port\u00e9e\",\"publisher\":{\"@id\":\"https:\/\/info-aides.fr\/#organization\"},\"potentialAction\":[{\"@type\":\"SearchAction\",\"target\":{\"@type\":\"EntryPoint\",\"urlTemplate\":\"https:\/\/info-aides.fr\/?s={search_term_string}\"},\"query-input\":\"required name=search_term_string\"}],\"inLanguage\":\"en-US\"},{\"@type\":\"Organization\",\"@id\":\"https:\/\/info-aides.fr\/#organization\",\"name\":\"Info-Aides.fr\",\"url\":\"https:\/\/info-aides.fr\/\",\"logo\":{\"@type\":\"ImageObject\",\"inLanguage\":\"en-US\",\"@id\":\"https:\/\/info-aides.fr\/#\/schema\/logo\/image\/\",\"url\":\"https:\/\/info-aides.fr\/wp-content\/uploads\/2023\/10\/cropped-Info-aides.fr__1_-removebg-preview.png\",\"contentUrl\":\"https:\/\/info-aides.fr\/wp-content\/uploads\/2023\/10\/cropped-Info-aides.fr__1_-removebg-preview.png\",\"width\":316,\"height\":297,\"caption\":\"Info-Aides.fr\"},\"image\":{\"@id\":\"https:\/\/info-aides.fr\/#\/schema\/logo\/image\/\"}}]}<\/script>\n<!-- \/ Yoast SEO plugin. -->","yoast_head_json":{"title":"Famille - Info-Aides.fr","robots":{"index":"index","follow":"follow","max-snippet":"max-snippet:-1","max-image-preview":"max-image-preview:large","max-video-preview":"max-video-preview:-1"},"canonical":"https:\/\/info-aides.fr\/index.php\/famille\/","og_locale":"en_US","og_type":"article","og_title":"Famille - Info-Aides.fr","og_description":"Les aides familiales g\u00e9n\u00e9rales D\u00e9couvrez les prestations familiales gouvernementales con\u00e7ues pour all\u00e9ger le fardeau financier des familles. Des allocations pour enfants aux cr\u00e9dits d&#8217;imp\u00f4t d\u00e9di\u00e9s aux familles, ces programmes visent \u00e0 renforcer la stabilit\u00e9 financi\u00e8re des foyers, favorisant ainsi un environnement propice \u00e0 l&#8217;\u00e9panouissement familial. D\u00e9couvrez \u00e9galement nos programmes de soutien \u00e0 la parentalit\u00e9 qui &hellip; Read more \"Famille\"","og_url":"https:\/\/info-aides.fr\/index.php\/famille\/","og_site_name":"Info-Aides.fr","article_modified_time":"2023-12-21T14:26:38+00:00","og_image":[{"url":"http:\/\/info-aides.fr\/wp-content\/uploads\/2023\/11\/Design-sans-titre-30-300x300.png"}],"twitter_card":"summary_large_image","twitter_misc":{"Est. reading time":"2 minutes"},"schema":{"@context":"https:\/\/schema.org","@graph":[{"@type":"WebPage","@id":"https:\/\/info-aides.fr\/index.php\/famille\/","url":"https:\/\/info-aides.fr\/index.php\/famille\/","name":"Famille - Info-Aides.fr","isPartOf":{"@id":"https:\/\/info-aides.fr\/#website"},"datePublished":"2023-10-17T14:51:39+00:00","dateModified":"2023-12-21T14:26:38+00:00","breadcrumb":{"@id":"https:\/\/info-aides.fr\/index.php\/famille\/#breadcrumb"},"inLanguage":"en-US","potentialAction":[{"@type":"ReadAction","target":["https:\/\/info-aides.fr\/index.php\/famille\/"]}]},{"@type":"BreadcrumbList","@id":"https:\/\/info-aides.fr\/index.php\/famille\/#breadcrumb","itemListElement":[{"@type":"ListItem","position":1,"name":"Accueil","item":"https:\/\/info-aides.fr\/"},{"@type":"ListItem","position":2,"name":"Famille"}]},{"@type":"WebSite","@id":"https:\/\/info-aides.fr\/#website","url":"https:\/\/info-aides.fr\/","name":"Info-Aides.fr","description":"Toutes les aides et subventions \u00e0 votre port\u00e9e","publisher":{"@id":"https:\/\/info-aides.fr\/#organization"},"potentialAction":[{"@type":"SearchAction","target":{"@type":"EntryPoint","urlTemplate":"https:\/\/info-aides.fr\/?s={search_term_string}"},"query-input":"required name=search_term_string"}],"inLanguage":"en-US"},{"@type":"Organization","@id":"https:\/\/info-aides.fr\/#organization","name":"Info-Aides.fr","url":"https:\/\/info-aides.fr\/","logo":{"@type":"ImageObject","inLanguage":"en-US","@id":"https:\/\/info-aides.fr\/#\/schema\/logo\/image\/","url":"https:\/\/info-aides.fr\/wp-content\/uploads\/2023\/10\/cropped-Info-aides.fr__1_-removebg-preview.png","contentUrl":"https:\/\/info-aides.fr\/wp-content\/uploads\/2023\/10\/cropped-Info-aides.fr__1_-removebg-preview.png","width":316,"height":297,"caption":"Info-Aides.fr"},"image":{"@id":"https:\/\/info-aides.fr\/#\/schema\/logo\/image\/"}}]}},"_links":{"self":[{"href":"https:\/\/info-aides.fr\/index.php\/wp-json\/wp\/v2\/pages\/75","targetHints":{"allow":["GET"]}}],"collection":[{"href":"https:\/\/info-aides.fr\/index.php\/wp-json\/wp\/v2\/pages"}],"about":[{"href":"https:\/\/info-aides.fr\/index.php\/wp-json\/wp\/v2\/types\/page"}],"author":[{"embeddable":true,"href":"https:\/\/info-aides.fr\/index.php\/wp-json\/wp\/v2\/users\/2"}],"replies":[{"embeddable":true,"href":"https:\/\/info-aides.fr\/index.php\/wp-json\/wp\/v2\/comments?post=75"}],"version-history":[{"count":10,"href":"https:\/\/info-aides.fr\/index.php\/wp-json\/wp\/v2\/pages\/75\/revisions"}],"predecessor-version":[{"id":817,"href":"https:\/\/info-aides.fr\/index.php\/wp-json\/wp\/v2\/pages\/75\/revisions\/817"}],"wp:attachment":[{"href":"https:\/\/info-aides.fr\/index.php\/wp-json\/wp\/v2\/media?parent=75"}],"curies":[{"name":"wp","href":"https:\/\/api.w.org\/{rel}","templated":true}]}}